{"id":36,"date":"2014-07-03T12:09:11","date_gmt":"2014-07-03T10:09:11","guid":{"rendered":"http:\/\/www.musrosi.org\/?page_id=36"},"modified":"2022-10-07T21:20:18","modified_gmt":"2022-10-07T19:20:18","slug":"chi-siamo","status":"publish","type":"page","link":"https:\/\/musrosi.org\/?page_id=36","title":{"rendered":"Il Museo"},"content":{"rendered":"<p style=\"text-align: justify;\">Il <strong>Museo di Storia Naturale<\/strong> nasce quasi per gioco nel <strong>1966<\/strong> quando, nei locali della Biblioteca Comunale, in P.zza Risorgimento, vennero esposte le collezioni degli insetti raccolti dai ragazzi ospiti della colonia montana di Gavinana (PT).\u00a0La sede attuale \u00a0Via Eduardo de Filippo, presso\u00a0 Villa Pertusati ,Rosignano Marittimo (LI)<\/p>\n<h6 style=\"text-align: justify;\">Materiale Espositivo<\/h6>\n<p style=\"text-align: justify;\"><a title=\"Le collezioni\" href=\"https:\/\/musrosi.org\/?page_id=107\">La Biblioteca<\/a><br \/>\n<a title=\"Le collezioni\" href=\"https:\/\/musrosi.org\/?page_id=80\">Le Collezioni<\/a><br \/>\n<a title=\"L\u2019Orto Botanico\" href=\"https:\/\/musrosi.org\/?page_id=85\">L&#8217;Orto Botanico<\/a><\/p>\n<h6 style=\"text-align: justify;\">Le attivit\u00e0<\/h6>\n<p style=\"text-align: justify;\">La \u00a0gestione del Museo \u00e8 affidata all&#8217;Associazione \u201cAmici della Natura di Rosignano\u201d. L&#8217; Associazione garantisce, attraverso i propri iscritti, l&#8217;apertura del Museo, organizza conferenze, corsi, mostre e gite guidate a scopo culturale-scientifico. Inoltre cura la pubblicazione di un periodico, l&#8217;<strong>Informatore<\/strong> e l&#8217;organizzazione di un congresso biennale di Scienze Naturali: <strong>Codice Armonico<\/strong>.<\/p>\n<p style=\"text-align: justify;\">All&#8217; interno del Museo lavorano attivamente gruppi appartenenti a vari settori: , <a title=\"Astronomia\" href=\"https:\/\/musrosi.org\/?page_id=10\">Astronomia<\/a>, <a title=\"Biologia Marina\" href=\"https:\/\/musrosi.org\/?page_id=12\">Biologia Marina<\/a>, <a title=\"Botanica\" href=\"https:\/\/musrosi.org\/?page_id=14\">Botanica<\/a>, <a title=\"Micologia\" href=\"https:\/\/musrosi.org\/?page_id=18\">Micologia<\/a>,\u00a0<a title=\"Mineralogia\" href=\"https:\/\/musrosi.org\/?page_id=20\">Mineralogia , Ornitologia<\/a>. La loro attivit\u00e0 si svolge in due direttrici: una scientifica, volta alle uscite sul territorio per la ricerca di campioni di studio, l&#8217;altra didattica in costante collaborazione con le scuole presenti nell&#8217;area comunale.<\/p>\n<p style=\"text-align: justify;\">Da quel lontano 1966 il Museo \u00e8 cresciuto di importanza, incrementando l&#8217;entit\u00e0 e la variet\u00e0 delle collezioni e coinvolgendo un buon numero di appassionati che hanno reso possibile, con impegno e dedizione, la sua continuit\u00e0 nel tempo, malgrado i numerosi trasferimenti di sede.<\/p>\n","protected":false},"excerpt":{"rendered":"<p>Il Museo di Storia Naturale nasce quasi per gioco nel 1966 quando, nei locali della Biblioteca Comunale, in P.zza Risorgimento, vennero esposte le collezioni degli insetti raccolti dai ragazzi ospiti della colonia montana di Gavinana (PT).\u00a0La sede attuale \u00a0Via Eduardo de Filippo, presso\u00a0 Villa Pertusati ,Rosignano Marittimo (LI) Materiale Espositivo La Biblioteca Le Collezioni L&#8217;Orto &hellip; <a href=\"https:\/\/musrosi.org\/?page_id=36\" class=\"more-link\">Continua la lettura di <span class=\"screen-reader-text\">Il Museo<\/span> <span class=\"meta-nav\">&rarr;<\/span><\/a><\/p>\n","protected":false},"author":1,"featured_media":0,"parent":0,"menu_order":0,"comment_status":"closed","ping_status":"closed","template":"","meta":{"footnotes":""},"class_list":["post-36","page","type-page","status-publish","hentry"],"_links":{"self":[{"href":"https:\/\/musrosi.org\/index.php?rest_route=\/wp\/v2\/pages\/36","targetHints":{"allow":["GET"]}}],"collection":[{"href":"https:\/\/musrosi.org\/index.php?rest_route=\/wp\/v2\/pages"}],"about":[{"href":"https:\/\/musrosi.org\/index.php?rest_route=\/wp\/v2\/types\/page"}],"author":[{"embeddable":true,"href":"https:\/\/musrosi.org\/index.php?rest_route=\/wp\/v2\/users\/1"}],"replies":[{"embeddable":true,"href":"https:\/\/musrosi.org\/index.php?rest_route=%2Fwp%2Fv2%2Fcomments&post=36"}],"version-history":[{"count":15,"href":"https:\/\/musrosi.org\/index.php?rest_route=\/wp\/v2\/pages\/36\/revisions"}],"predecessor-version":[{"id":1084,"href":"https:\/\/musrosi.org\/index.php?rest_route=\/wp\/v2\/pages\/36\/revisions\/1084"}],"wp:attachment":[{"href":"https:\/\/musrosi.org\/index.php?rest_route=%2Fwp%2Fv2%2Fmedia&parent=36"}],"curies":[{"name":"wp","href":"https:\/\/api.w.org\/{rel}","templated":true}]}}