{"id":107,"date":"2014-07-15T16:34:44","date_gmt":"2014-07-15T14:34:44","guid":{"rendered":"http:\/\/www.musrosi.org\/?page_id=107"},"modified":"2019-12-24T11:37:23","modified_gmt":"2019-12-24T10:37:23","slug":"la-biblioteca","status":"publish","type":"page","link":"https:\/\/musrosi.org\/?page_id=107","title":{"rendered":"La Biblioteca"},"content":{"rendered":"<p style=\"text-align: justify;\">La biblioteca del Museo di Storia Naturale di Rosignano Solvay contiene interessanti e rari testi sulle varie discipline delle scienze naturali, spesso difficilmente rintracciabili anche nelle biblioteche universitarie.<br \/>\nOltre alla collezione dei testi, sono di particolare interesse le dispense e le pubblicazioni del Museo che trattano temi specifici del territorio e che costituiscono una fonte dettagliata e completa di dati storici sull&#8217;ambiente e sulle variet\u00e0 vegetali, biologiche e geologiche toscane. Insieme ai libri ed agli articoli sono disponibili una diateca che conta pi\u00f9 di 1500 diapositive e pi\u00f9 di 10000 tra foto digitali di paesaggi, macro foto e foto da microscopio.<br \/>\nGli studenti potranno usufruire del patrimonio librario e della collezione di articoli scientifici integrando il materiale con quello reperibile via internet in postazioni informatiche dedicate alla consultazione.<\/p>\n<p style=\"text-align: justify;\">Il materiale librario \u00e8 messo a disposizione, per consultazione, a tutti i soci e su richiesta scritta \u00e8 ammesso il prestito per motivi di studio.<\/p>\n<p>DI seguito l&#8217;elenco dei libri consultabili in formato Excel<\/p>\n<p><a href=\"https:\/\/musrosi.org\/wp-content\/uploads\/2019\/12\/BIBLIOTECA-MUSEO.xls\">Elenco libri consultabili nella biblioteca<\/a><\/p>\n<p>Versione PDF<\/p>\n<p><a href=\"https:\/\/musrosi.org\/wp-content\/uploads\/2019\/12\/BIBLIO.pdf\">Elenco libri consultabili nella biblioteca<\/a><\/p>\n","protected":false},"excerpt":{"rendered":"<p>La biblioteca del Museo di Storia Naturale di Rosignano Solvay contiene interessanti e rari testi sulle varie discipline delle scienze naturali, spesso difficilmente rintracciabili anche nelle biblioteche universitarie. Oltre alla collezione dei testi, sono di particolare interesse le dispense e le pubblicazioni del Museo che trattano temi specifici del territorio e che costituiscono una fonte &hellip; <a href=\"https:\/\/musrosi.org\/?page_id=107\" class=\"more-link\">Continua la lettura di <span class=\"screen-reader-text\">La Biblioteca<\/span> <span class=\"meta-nav\">&rarr;<\/span><\/a><\/p>\n","protected":false},"author":1,"featured_media":0,"parent":36,"menu_order":1,"comment_status":"closed","ping_status":"closed","template":"","meta":{"footnotes":""},"class_list":["post-107","page","type-page","status-publish","hentry"],"_links":{"self":[{"href":"https:\/\/musrosi.org\/index.php?rest_route=\/wp\/v2\/pages\/107","targetHints":{"allow":["GET"]}}],"collection":[{"href":"https:\/\/musrosi.org\/index.php?rest_route=\/wp\/v2\/pages"}],"about":[{"href":"https:\/\/musrosi.org\/index.php?rest_route=\/wp\/v2\/types\/page"}],"author":[{"embeddable":true,"href":"https:\/\/musrosi.org\/index.php?rest_route=\/wp\/v2\/users\/1"}],"replies":[{"embeddable":true,"href":"https:\/\/musrosi.org\/index.php?rest_route=%2Fwp%2Fv2%2Fcomments&post=107"}],"version-history":[{"count":5,"href":"https:\/\/musrosi.org\/index.php?rest_route=\/wp\/v2\/pages\/107\/revisions"}],"predecessor-version":[{"id":779,"href":"https:\/\/musrosi.org\/index.php?rest_route=\/wp\/v2\/pages\/107\/revisions\/779"}],"up":[{"embeddable":true,"href":"https:\/\/musrosi.org\/index.php?rest_route=\/wp\/v2\/pages\/36"}],"wp:attachment":[{"href":"https:\/\/musrosi.org\/index.php?rest_route=%2Fwp%2Fv2%2Fmedia&parent=107"}],"curies":[{"name":"wp","href":"https:\/\/api.w.org\/{rel}","templated":true}]}}