{"id":1022,"date":"2022-07-15T22:11:04","date_gmt":"2022-07-15T20:11:04","guid":{"rendered":"http:\/\/www.musrosi.org\/?page_id=1022"},"modified":"2022-07-15T22:11:04","modified_gmt":"2022-07-15T20:11:04","slug":"bookshop","status":"publish","type":"page","link":"https:\/\/musrosi.org\/?page_id=1022","title":{"rendered":"BookShop"},"content":{"rendered":"\n<h2 class=\"has-text-align-center wp-block-heading\"><strong>FUNGHI IN TOSCANA<\/strong><\/h2>\n\n\n\n<p><\/p>\n\n\n\n<p>L\u2019AGMT (Associazione Gruppi Micologici Toscani) \u00e8 orgogliosa di annunciare l\u2019uscita di <strong>Funghi in Toscana<\/strong>, un\u2019opera divulgativa di pregio che recepisce le pi\u00f9 recenti novit\u00e0 nomenclaturali e tassonomiche in campo micologico. <strong>Funghi in Toscana<\/strong> \u00e8 un\u2019opera fondamentale per tutti coloro che si vogliono avvicinare al mondo dei funghi, ma anche per i gi\u00e0 appassionati desiderosi di approfondire le loro conoscenze in funzione degli aggiornamenti pi\u00f9 recenti in essa contenuti con estremo rigore nella trattazione dei caratteri. Il Gruppo Micologico dell\u2019Associazione Amici della Natura &#8211; Museo di Storia Naturale di Rosignano Marittimo ha contribuito fattivamente alla redazione del libro fornendo testi, schede, fotocolor, disegni al tratto e collaborando al lavoro di revisione.&nbsp;<\/p>\n\n\n\n<p>In sintesi: 656 pagine, formato 16,8 x 24 cm, Copertina rigida, lucida, plastificata, Circa 1800 specie trattate, 500 schede con schede descrittive dettagliate, Circa 800 fotocolor, Sistematica aggiornata&nbsp; con descrizione e ordinamento dei generi, Sindromi da avvelenamento aggiornate, Glossario illustrato con 420 termini, 170 disegni B\/N al tratto<\/p>\n\n\n\n<p>Prezzo di copertina 35 \u20ac<\/p>\n\n\n\n<p>Prezzo di sottoscrizione fino al 15 settembre 2021 30 \u20ac<\/p>\n\n\n\n<p>Per i nostri soci offerta speciale in sottoscrizione 22 \u20ac fino al 15 settembre 2021.<\/p>\n\n\n\n<figure class=\"wp-block-image size-large\"><img loading=\"lazy\" decoding=\"async\" width=\"850\" height=\"607\" src=\"https:\/\/musrosi.org\/wp-content\/uploads\/2022\/07\/image001.jpg\" alt=\"\" class=\"wp-image-1027\" srcset=\"https:\/\/musrosi.org\/wp-content\/uploads\/2022\/07\/image001.jpg 850w, https:\/\/musrosi.org\/wp-content\/uploads\/2022\/07\/image001-300x214.jpg 300w, https:\/\/musrosi.org\/wp-content\/uploads\/2022\/07\/image001-768x548.jpg 768w\" sizes=\"auto, (max-width: 850px) 100vw, 850px\" \/><\/figure>\n\n\n\n<p><\/p>\n\n\n\n<hr class=\"wp-block-separator is-style-wide\"\/>\n\n\n\n<h2 class=\"has-text-align-center wp-block-heading\"><strong>LA CHIMICA NEI MUSEI<\/strong><\/h2>\n\n\n\n<p><\/p>\n\n\n\n<p>Il libro \u00e8 una raccolta di contributi dalla giornata studio &#8220;La chimica nei musei&#8221; (<a href=\"https:\/\/smslab.dcci.unipi.it\/dissemination\/11-approfondimenti\/23-muschim.html\">https:\/\/smslab.dcci.unipi.it\/dissemination\/11-approfondimenti\/23-muschim.html<\/a>) che si \u00e8 svolto il 22 novembre 2019 presso il Dipartimento di Chimica e Chimica Industriale (Universit\u00e0 di Pisa). Gli argomenti trattati riguardano il ruolo dei musei scientifici nella diffusione della cultura chimica e il loro legame con le scuole, mostre e collezioni di strumenti scientifici legati alla chimica in alcune strutture museali italiane dal Museo di Chimica di Roma all&#8217;Archivio storico di Torino, alcuni&nbsp;esempi di&nbsp;laboratori didattici e laboratori&nbsp;dimostrativi in ambito museale, la ricerca chimica a servizio dei beni culturali e dell&#8217;arte.<\/p>\n\n\n\n<p>Il testo \u00e8 stato curato da Valentina Domenici e Luigi Campanella ed ha avuto il supporto della Societ\u00e0 Chimica Italiana.&nbsp;Il libro \u00e8 stato pubblicato dalla PISA UNIVERSITY PRESS nel 2020, ha&nbsp;144 pagine ed \u00e8 a colori.<\/p>\n\n\n\n<p><em>Prezzo di copertina 22\u20ac<\/em><\/p>\n\n\n\n<div class=\"wp-block-image\"><figure class=\"aligncenter size-large\"><img loading=\"lazy\" decoding=\"async\" width=\"430\" height=\"551\" src=\"https:\/\/musrosi.org\/wp-content\/uploads\/2022\/07\/image002.jpg\" alt=\"\" class=\"wp-image-1028\" srcset=\"https:\/\/musrosi.org\/wp-content\/uploads\/2022\/07\/image002.jpg 430w, https:\/\/musrosi.org\/wp-content\/uploads\/2022\/07\/image002-234x300.jpg 234w\" sizes=\"auto, (max-width: 430px) 100vw, 430px\" \/><\/figure><\/div>\n\n\n\n<p><\/p>\n\n\n\n<hr class=\"wp-block-separator is-style-wide\"\/>\n\n\n\n<h2 class=\"has-text-align-center wp-block-heading\">ARCOBALENO<\/h2>\n\n\n\n<p><\/p>\n\n\n\n<p>Il volume analizza uno dei pi\u00f9 suggestivi fenomeni naturali: l&#8217;arcobaleno. Da sempre la sua comparsa incuriosisce e affascina l&#8217;uomo, stimolando l&#8217;attenzione di filosofi e scienziati, religiosi e artisti, poeti e scrittori. In questo saggio vengono descritte le caratteristiche principali del fenomeno naturale, ricorrendo ai principi dell&#8217;ottica geometrica e agli strumenti matematici della trigonometria e dell&#8217;analisi matematica. L&#8217;opera si apre con una breve premessa storica in cui si racconta l&#8217;evoluzione della conoscenza scientifica del fenomeno e lo sviluppo di una teoria sufficientemente completa per descriverne le caratteristiche principali.<\/p>\n\n\n\n<p>Prezzo di copertina 8,00\u20ac<\/p>\n\n\n\n<div class=\"wp-block-image\"><figure class=\"aligncenter size-large\"><img loading=\"lazy\" decoding=\"async\" width=\"421\" height=\"607\" src=\"https:\/\/musrosi.org\/wp-content\/uploads\/2022\/07\/image003.jpg\" alt=\"\" class=\"wp-image-1029\" srcset=\"https:\/\/musrosi.org\/wp-content\/uploads\/2022\/07\/image003.jpg 421w, https:\/\/musrosi.org\/wp-content\/uploads\/2022\/07\/image003-208x300.jpg 208w\" sizes=\"auto, (max-width: 421px) 100vw, 421px\" \/><\/figure><\/div>\n\n\n\n<p><\/p>\n\n\n\n<hr class=\"wp-block-separator is-style-wide\"\/>\n\n\n\n<h2 class=\"has-text-align-center wp-block-heading\">UN MONDO DI RELAZIONI<\/h2>\n\n\n\n<p><\/p>\n\n\n\n<p>Il libro ripercorre la storia delle idee evolutive, dalla prima formulazione della teoria della selezione naturale di Darwin sino all\u2019attuale concezione causale del gene nella genetica popolazionistica. Si sottolineano i cambiamenti paradigmatici che ogni avanzamento della conoscenza ha subito nel corso del tempo, nonch\u00e9 l\u2019impatto che l\u2019elaborazione dei relativi concetti di causa e funzione ha avuto sulla ricerca scientifica degli ultimi anni. L\u2019attendibilit\u00e0 del principio secondo cui l\u2019informazione preesiste alla forma \u00e8 posta in discussione dal riconoscimento che n\u00e9 la forma n\u00e9 l\u2019informazione sono predeterminate nel corso dello sviluppo. Si propone che sia, invece, la stessa relazione ad avere valore germinativo in funzione della capacit\u00e0 del vivente di esplorare tutte le risorse potenzialmente disponibili. Al fine di porre in discussione la spiegazione riduzionistica e proporre il significato come forza propulsiva di ogni cambiamento, il libro offre molti spunti di riflessione sulla natura semiotica del fenomeno vivente, dalla semplice relazione intercellulare all\u2019emergenza dell\u2019autocoscienza. L\u2019obiettivo \u00e8 di riconsiderare l\u2019essere vivente, dalla singola cellula all\u2019organismo intero, come soggetto evolutivo capace di definire la propria identit\u00e0 nel corso del suo stesso divenire.<\/p>\n\n\n\n<p>Prezzo di copertina 18,00\u20ac<\/p>\n\n\n\n<div class=\"wp-block-image\"><figure class=\"aligncenter size-large\"><img loading=\"lazy\" decoding=\"async\" width=\"428\" height=\"606\" src=\"https:\/\/musrosi.org\/wp-content\/uploads\/2022\/07\/image004.jpg\" alt=\"\" class=\"wp-image-1031\" srcset=\"https:\/\/musrosi.org\/wp-content\/uploads\/2022\/07\/image004.jpg 428w, https:\/\/musrosi.org\/wp-content\/uploads\/2022\/07\/image004-212x300.jpg 212w\" sizes=\"auto, (max-width: 428px) 100vw, 428px\" \/><\/figure><\/div>\n\n\n\n<p><\/p>\n\n\n\n<hr class=\"wp-block-separator is-style-wide\"\/>\n\n\n\n<h2 class=\"has-text-align-center wp-block-heading\">PER UNA VISIONE SISTEMATICA DEL CAMBIAMENTO<\/h2>\n\n\n\n<p><\/p>\n\n\n\n<p>Il libro trae origine da una serie di conferenze svoltesi presso il museo di Storia Naturale di Rosignano Marittimo nella primavera del 2019. I temi affrontati riguardano molti aspetti scientifici e psicologici correlati con la percezione del cambiamento. Gli autori discutono di complessit\u00e0 e informazione in sistemi cos\u00ec diversi come molecole, geni e organismi. Nessuno di questi sistemi pu\u00f2 crescere in complessit\u00e0 senza l\u2019interposizione di un confine che possa rendere cooperative relazioni inizialmente percepite come competitive. \u00c8 soltanto in queste condizioni che nuovo ordine pu\u00f2 emergere dal disordine, la complessit\u00e0 evolvere dall\u2019entropia e nuove opportunit\u00e0 possono scaturire dalla crisi.<\/p>\n\n\n\n<p>Prezzo di copertina 14,00\u20ac<\/p>\n\n\n\n<div class=\"wp-block-image\"><figure class=\"aligncenter size-large\"><img loading=\"lazy\" decoding=\"async\" width=\"422\" height=\"607\" src=\"https:\/\/musrosi.org\/wp-content\/uploads\/2022\/07\/image005.jpg\" alt=\"\" class=\"wp-image-1032\" srcset=\"https:\/\/musrosi.org\/wp-content\/uploads\/2022\/07\/image005.jpg 422w, https:\/\/musrosi.org\/wp-content\/uploads\/2022\/07\/image005-209x300.jpg 209w\" sizes=\"auto, (max-width: 422px) 100vw, 422px\" \/><\/figure><\/div>\n\n\n\n<p><\/p>\n\n\n\n<hr class=\"wp-block-separator is-style-wide\"\/>\n\n\n\n<h2 class=\"has-text-align-center wp-block-heading\">CODICE ARMONICO <\/h2>\n\n\n\n<p><\/p>\n\n\n\n<p>Dopo anni di attivit\u00e0 museali, di ricerca scientifica e naturalistica, di iniziative di divulgazione in sede museale e sul campo, rivolte specialmente alle giovani generazioni, dopo anni di esperienza di mostre, seminari e conferenze scientifiche, volevamo riunire scienziati, naturalisti ed esperti del territorio, per parlare delle ultime conoscenze acquisite riguardanti questo gioiello naturale, questo vero e proprio paradiso naturalistico che \u00e8 la Toscana. Questo, \u00e8 il motivo ispiratore alla base del congresso: Una autentica e genuina passione per le scienze naturali. La passione e la curiosit\u00e0 ci accomuna e ci fa capire cosa cerchiamo nell\u2019osservazione naturale. Andiamo alla richerca di quelle arcane alchimie, di quella bellezza perfetta che \u00e8 alla base dell\u2019ordine naturale e che noi abbiamo chiamato codice e che abbiamo voluto accompagnare dall\u2019aggettivo <strong>armonico <\/strong>per sottolineare ancor di pi\u00f9 la perfezione della Natura.<\/p>\n\n\n\n<p>Prezzo di copertina 10,00\u20ac<\/p>\n\n\n\n<figure class=\"wp-block-image size-large is-resized\"><img loading=\"lazy\" decoding=\"async\" src=\"https:\/\/musrosi.org\/wp-content\/uploads\/2022\/07\/image006.jpg\" alt=\"\" class=\"wp-image-1033\" width=\"411\" height=\"583\"\/><\/figure>\n\n\n\n<hr class=\"wp-block-separator is-style-wide\"\/>\n\n\n\n<h2 class=\"has-text-align-center wp-block-heading\">CODICE ARMONICO 2008<\/h2>\n\n\n\n<p><\/p>\n\n\n\n<p>L\u2019attenzione sempre crescente verso le problematiche ambientali e l\u2019impatto delle attivit\u00e0 umane sul territorio non possono prescindere dalla conoscenza del territorio stesso. Per questo motivo la ricerca e lo studio di tutti gli aspetti scientifici, dalla geologia alla biologia, dalla chimica ambientale alle scienze naturali, diventano fondamentali. Questo volume, che raccoglie i contributi scientifici e divulgativi provenienti dal mondo accademico, istituzionale, museale e amatoriale, \u00e8 il frutto della seconda edizione del Congresso Codice armonico 2008, Congresso di scienze naturali dedicato all\u2019Ambiente toscano.<\/p>\n\n\n\n<p>Prezzo di copertina10,00\u20ac<\/p>\n\n\n\n<p><\/p>\n\n\n\n<figure class=\"wp-block-image size-large is-resized\"><img loading=\"lazy\" decoding=\"async\" src=\"https:\/\/musrosi.org\/wp-content\/uploads\/2022\/07\/image007-1.jpg\" alt=\"\" class=\"wp-image-1036\" width=\"412\" height=\"584\"\/><\/figure>\n\n\n\n<hr class=\"wp-block-separator is-style-wide\"\/>\n\n\n\n<h2 class=\"has-text-align-center wp-block-heading\">CODICE ARMONICO 2010<\/h2>\n\n\n\n<p><\/p>\n\n\n\n<p>Giunto alla sua terza edizione, Codice Armonico \u2013 il Congresso di scienze naturali dedicato al territorio toscano \u2013 continua ad essere un appuntamento importante per ricercatori e appassionati, studiosi e naturalisti. Contributi scientifici e divulgativi di biologia marina, geologia, chimica ambientale, botanica, micologia, zoologia e mineralogia si alternano in un volume denso, dove la passione per la ricerca naturalistica fa da filo conduttore, nello spirito stesso del congresso.<\/p>\n\n\n\n<p>Prezzo di copertina 10,00\u20ac<\/p>\n\n\n\n<figure class=\"wp-block-image size-large is-resized\"><img loading=\"lazy\" decoding=\"async\" src=\"https:\/\/musrosi.org\/wp-content\/uploads\/2022\/07\/image008.jpg\" alt=\"\" class=\"wp-image-1035\" width=\"411\" height=\"582\"\/><\/figure>\n\n\n\n<hr class=\"wp-block-separator is-style-wide\"\/>\n\n\n\n<h2 class=\"has-text-align-center wp-block-heading\">CODICE ARMONICO 2012<\/h2>\n\n\n\n<p><\/p>\n\n\n\n<p>2006-2012: \u00e8 questo l\u2019arco temporale delle prime quattro edizioni del congresso di scienze naturali Codice Armonico. Ideato ed organizzato dall\u2019Associazione \u201cAmici della Natura Rosignano\u201d e Museo di Storia Naturale di Rosignano Solvay, Codice Armonico presenta, con cadenza biennale, un vastissimo panorama degli studi naturalistici e delle ricerche riguardanti il territorio regionale toscano: dalle Aree Protette ai Parchi, dai siti terrestri a quelli marini (costieri, insulari, subacquei), dai paesaggi rurali tradizionali alle aree urbane esposte a fattori di rischio dalle complesse dinamiche evolutive. Studi e ricerche che costituiscono l\u2019oggetto di indagini scientifiche e di attivit\u00e0 di monitoraggio ambientale da parte di centri universitari, istituzioni pubbliche, enti di ricerca, gruppi di studiosi. Tutti contribuiscono ad arricchire costantemente il significato di testimonianza operativa e di documentazione scientifica che ha assunto ormai Codice Armonico, come dimostra anche il presente volume degli Atti 2012.<\/p>\n\n\n\n<p>Prezzo di copertina 10,00\u20ac<\/p>\n\n\n\n<p><\/p>\n\n\n\n<figure class=\"wp-block-image size-large is-resized\"><img loading=\"lazy\" decoding=\"async\" src=\"https:\/\/musrosi.org\/wp-content\/uploads\/2022\/07\/image009.jpg\" alt=\"\" class=\"wp-image-1037\" width=\"410\" height=\"582\"\/><\/figure>\n\n\n\n<hr class=\"wp-block-separator is-style-wide\"\/>\n\n\n\n<h2 class=\"has-text-align-center wp-block-heading\">CODICE ARMONICO 2014<\/h2>\n\n\n\n<p><\/p>\n\n\n\n<p>La regione Toscana vista con gli occhi del \u201cnaturalista\u201d \u00e8 un paesaggio fecondo di sempre nuove e affascinanti scoperte. Codice Armonico, con il convegno biennale e con questo prezioso libro, mette in fila i lavori di ricercatori e scienziati, alternandoli a riflessioni sul rapporto tra Uomo e Natura, e arricchendoli con racconti di originali esperienze di educazione ambientale e attivit\u00e0 museali rivolte alle scuole. In questo libro si parla di minerali dei Monti Livornesi, delle api e del miele, della geologia dei litorali toscani e della pesca, di nuove specie di macromiceti, del suolo e delle radici, fino a nuove tecniche di biomonitoraggio ambientale, e ancora di vino e di zanzare. Il valore di questa raccolta di articoli scientifici e divulgativi sta proprio nell\u2019evidenziare la ricchezza della biodiversit\u00e0 della regione Toscana e la possibilit\u00e0 di raccontare la Natura con la passione del naturalista e, allo stesso tempo, con il rigore del metodo scientifico.<\/p>\n\n\n\n<p>Prezzo di copertina 10,00\u20ac<\/p>\n\n\n\n<p><\/p>\n\n\n\n<div class=\"wp-block-image\"><figure class=\"aligncenter size-large\"><img loading=\"lazy\" decoding=\"async\" width=\"428\" height=\"606\" src=\"https:\/\/musrosi.org\/wp-content\/uploads\/2022\/07\/image010.png\" alt=\"\" class=\"wp-image-1038\" srcset=\"https:\/\/musrosi.org\/wp-content\/uploads\/2022\/07\/image010.png 428w, https:\/\/musrosi.org\/wp-content\/uploads\/2022\/07\/image010-212x300.png 212w\" sizes=\"auto, (max-width: 428px) 100vw, 428px\" \/><\/figure><\/div>\n\n\n\n<p><\/p>\n\n\n\n<hr class=\"wp-block-separator is-style-wide\"\/>\n\n\n\n<h2 class=\"has-text-align-center wp-block-heading\">CODICE ARMONICO 2016<\/h2>\n\n\n\n<p><\/p>\n\n\n\n<p>Codice Armonico \u00e8 il congresso biennale della regione Toscana dedicato all\u2019ambiente e alla natura organizzato dall\u2019Associazione di volontariato \u201cAmici della Natura Rosignano\u201d che gestisce il Museo di Storia Naturale di Rosignano Solvay. Giunto alla sua sesta edizione, il congresso si conferma un appuntamento importante per ricercatori, studiosi e appassionati naturalisti. Il lavoro del naturalista non si esaurisce con l\u2019osservazione e lo studio rigoroso e attento dei vari aspetti scientifici legati ad un territorio, ma sempre di pi\u00f9 si configura come un lavoro attivo, teso alla valorizzazione e alla conservazione dell\u2019ambiente, nonch\u00e9 alla promozione di atteggiamenti positivi nei confronti della natura di un territorio. Per questo, il congresso ospita relazioni di ricerca naturalistica e di monitoraggio ambientale, progetti didattici di educazione ambientale e studi di ricerca scientifica originali che mostrano la ricchezza della flora e della fauna dell\u2019ambiente toscano, sia terrestre che marino.<\/p>\n\n\n\n<p>Prezzo di copertina 10,00\u20ac<\/p>\n\n\n\n<p><\/p>\n\n\n\n<div class=\"wp-block-image\"><figure class=\"aligncenter size-large\"><img loading=\"lazy\" decoding=\"async\" width=\"520\" height=\"649\" src=\"https:\/\/musrosi.org\/wp-content\/uploads\/2022\/07\/image011.png\" alt=\"\" class=\"wp-image-1039\" srcset=\"https:\/\/musrosi.org\/wp-content\/uploads\/2022\/07\/image011.png 520w, https:\/\/musrosi.org\/wp-content\/uploads\/2022\/07\/image011-240x300.png 240w\" sizes=\"auto, (max-width: 520px) 100vw, 520px\" \/><\/figure><\/div>\n\n\n\n<p><\/p>\n\n\n\n<hr class=\"wp-block-separator is-style-wide\"\/>\n\n\n\n<h2 class=\"has-text-align-center wp-block-heading\">CODICE ARMONICO 2018<\/h2>\n\n\n\n<p><\/p>\n\n\n\n<p>Codice Armonico \u00e8 il congresso biennale della regione Toscana dedicato all\u2019ambiente e alla natura organizzato dall\u2019Associazione di volontariato \u201cAmici della Natura Rosignano\u201d che gestisce il Museo di Storia Naturale di Rosignano, oggi chiamato \u201cMuSNa\u201d, ubicato presso&nbsp; la nuova sede di Villa Pertusati a Rosignano Marittimo. Giunto alla sua settima edizione, il congresso si conferma un appuntamento importante per ricercatori, studiosi e appassionati naturalisti. Il lavoro del naturalista non si esaurisce con l\u2019osservazione e lo studio rigoroso e attento dei vari aspetti scientifici legati a un territorio, ma sempre di pi\u00f9 si configura come un lavoro attivo, teso alla valorizzazione e alla conservazione dell\u2019ambiente, nonch\u00e9 alla promozione di atteggiamenti positivi nei confronti della natura di un territorio. Per questo, il congresso ospita relazioni di ricerca naturalistica e di monitoraggio ambientale, progetti didattici di educazione ambientale e studi di ricerca scientifica originali che mostrano la ricchezza della flora e della fauna dell\u2019ambiente toscano, sia terrestre che marino.<\/p>\n\n\n\n<p>Prezzo di copertina 20,00\u20ac<\/p>\n\n\n\n<p><\/p>\n\n\n\n<figure class=\"wp-block-image size-large is-resized\"><img loading=\"lazy\" decoding=\"async\" src=\"https:\/\/musrosi.org\/wp-content\/uploads\/2022\/07\/image012.png\" alt=\"\" class=\"wp-image-1040\" width=\"1114\" height=\"735\" srcset=\"https:\/\/musrosi.org\/wp-content\/uploads\/2022\/07\/image012.png 915w, https:\/\/musrosi.org\/wp-content\/uploads\/2022\/07\/image012-300x198.png 300w, https:\/\/musrosi.org\/wp-content\/uploads\/2022\/07\/image012-768x507.png 768w\" sizes=\"auto, (max-width: 1114px) 100vw, 1114px\" \/><\/figure>\n\n\n\n<p><\/p>\n\n\n\n<p><\/p>\n\n\n\n<p><\/p>\n\n\n\n<p><\/p>\n\n\n\n<p><\/p>\n","protected":false},"excerpt":{"rendered":"<p>FUNGHI IN TOSCANA L\u2019AGMT (Associazione Gruppi Micologici Toscani) \u00e8 orgogliosa di annunciare l\u2019uscita di Funghi in Toscana, un\u2019opera divulgativa di pregio che recepisce le pi\u00f9 recenti novit\u00e0 nomenclaturali e tassonomiche in campo micologico. Funghi in Toscana \u00e8 un\u2019opera fondamentale per tutti coloro che si vogliono avvicinare al mondo dei funghi, ma anche per i gi\u00e0 &hellip; <a href=\"https:\/\/musrosi.org\/?page_id=1022\" class=\"more-link\">Continua la lettura di <span class=\"screen-reader-text\">BookShop<\/span> <span class=\"meta-nav\">&rarr;<\/span><\/a><\/p>\n","protected":false},"author":2,"featured_media":0,"parent":0,"menu_order":0,"comment_status":"closed","ping_status":"closed","template":"","meta":{"footnotes":""},"class_list":["post-1022","page","type-page","status-publish","hentry"],"_links":{"self":[{"href":"https:\/\/musrosi.org\/index.php?rest_route=\/wp\/v2\/pages\/1022","targetHints":{"allow":["GET"]}}],"collection":[{"href":"https:\/\/musrosi.org\/index.php?rest_route=\/wp\/v2\/pages"}],"about":[{"href":"https:\/\/musrosi.org\/index.php?rest_route=\/wp\/v2\/types\/page"}],"author":[{"embeddable":true,"href":"https:\/\/musrosi.org\/index.php?rest_route=\/wp\/v2\/users\/2"}],"replies":[{"embeddable":true,"href":"https:\/\/musrosi.org\/index.php?rest_route=%2Fwp%2Fv2%2Fcomments&post=1022"}],"version-history":[{"count":6,"href":"https:\/\/musrosi.org\/index.php?rest_route=\/wp\/v2\/pages\/1022\/revisions"}],"predecessor-version":[{"id":1044,"href":"https:\/\/musrosi.org\/index.php?rest_route=\/wp\/v2\/pages\/1022\/revisions\/1044"}],"wp:attachment":[{"href":"https:\/\/musrosi.org\/index.php?rest_route=%2Fwp%2Fv2%2Fmedia&parent=1022"}],"curies":[{"name":"wp","href":"https:\/\/api.w.org\/{rel}","templated":true}]}}